{"id":1664,"date":"2024-06-05T12:55:35","date_gmt":"2024-06-05T10:55:35","guid":{"rendered":"https:\/\/atewa.ch\/interfaces-de-test\/"},"modified":"2024-07-17T13:13:01","modified_gmt":"2024-07-17T11:13:01","slug":"interfaces-de-test","status":"publish","type":"page","link":"https:\/\/atewa.ch\/fr\/interfaces-de-test\/","title":{"rendered":"Interfaces de test"},"content":{"rendered":"\t\t<div data-elementor-type=\"wp-page\" data-elementor-id=\"1664\" class=\"elementor elementor-1664 elementor-1064\" data-elementor-post-type=\"page\">\n\t\t\t\t<div class=\"elementor-element elementor-element-056e559 e-con-full e-flex e-con e-parent\" data-id=\"056e559\" data-element_type=\"container\" data-e-type=\"container\" data-settings=\"{&quot;background_background&quot;:&quot;classic&quot;}\">\n\t\t<div class=\"elementor-element elementor-element-a18058a e-flex e-con-boxed e-con e-child\" data-id=\"a18058a\" data-element_type=\"container\" data-e-type=\"container\">\n\t\t\t\t\t<div class=\"e-con-inner\">\n\t\t\t\t\t<\/div>\n\t\t\t\t<\/div>\n\t\t<div class=\"elementor-element elementor-element-3f731f3 e-flex e-con-boxed e-con e-child\" data-id=\"3f731f3\" data-element_type=\"container\" data-e-type=\"container\">\n\t\t\t\t\t<div class=\"e-con-inner\">\n\t\t<div class=\"elementor-element elementor-element-5ee88f8 e-con-full e-flex e-con e-child\" data-id=\"5ee88f8\" data-element_type=\"container\" data-e-type=\"container\" data-settings=\"{&quot;background_background&quot;:&quot;classic&quot;}\">\n\t\t\t\t<div class=\"elementor-element elementor-element-9a51adf elementor-widget-divider--view-line elementor-widget elementor-widget-divider\" data-id=\"9a51adf\" data-element_type=\"widget\" data-e-type=\"widget\" data-widget_type=\"divider.default\">\n\t\t\t\t<div class=\"elementor-widget-container\">\n\t\t\t\t\t\t\t<div class=\"elementor-divider\">\n\t\t\t<span class=\"elementor-divider-separator\">\n\t\t\t\t\t\t<\/span>\n\t\t<\/div>\n\t\t\t\t\t\t<\/div>\n\t\t\t\t<\/div>\n\t\t\t\t<div class=\"elementor-element elementor-element-d3203c2 elementor-widget elementor-widget-text-editor\" data-id=\"d3203c2\" data-element_type=\"widget\" data-e-type=\"widget\" data-widget_type=\"text-editor.default\">\n\t\t\t\t<div class=\"elementor-widget-container\">\n\t\t\t\t\t\t\t\t\t<h2>Interfaces de test<\/h2>\n\t\t\t\t\t\t\t\t<\/div>\n\t\t\t\t<\/div>\n\t\t\t\t<div class=\"elementor-element elementor-element-6b7b564 elementor-widget elementor-widget-text-editor\" data-id=\"6b7b564\" data-element_type=\"widget\" data-e-type=\"widget\" data-widget_type=\"text-editor.default\">\n\t\t\t\t<div class=\"elementor-widget-container\">\n\t\t\t\t\t\t\t\t\t<p>Interfaces de test pour applications industrielles, tr\u00e8s r\u00e9sistantes \u00e0 l\u2019usure<\/p>\n\t\t\t\t\t\t\t\t<\/div>\n\t\t\t\t<\/div>\n\t\t\t\t<\/div>\n\t\t\t\t\t<\/div>\n\t\t\t\t<\/div>\n\t\t\t\t<\/div>\n\t\t<div class=\"elementor-element elementor-element-767eb7d e-flex e-con-boxed e-con e-parent\" data-id=\"767eb7d\" data-element_type=\"container\" data-e-type=\"container\">\n\t\t\t\t\t<div class=\"e-con-inner\">\n\t\t<div class=\"elementor-element elementor-element-dddaed1 e-con-full e-flex e-con e-child\" data-id=\"dddaed1\" data-element_type=\"container\" data-e-type=\"container\">\n\t\t\t\t<div class=\"elementor-element elementor-element-86da750 elementor-widget-divider--view-line elementor-widget elementor-widget-divider\" data-id=\"86da750\" data-element_type=\"widget\" data-e-type=\"widget\" data-widget_type=\"divider.default\">\n\t\t\t\t<div class=\"elementor-widget-container\">\n\t\t\t\t\t\t\t<div class=\"elementor-divider\">\n\t\t\t<span class=\"elementor-divider-separator\">\n\t\t\t\t\t\t<\/span>\n\t\t<\/div>\n\t\t\t\t\t\t<\/div>\n\t\t\t\t<\/div>\n\t\t\t\t<div class=\"elementor-element elementor-element-07dbdda elementor-widget elementor-widget-text-editor\" data-id=\"07dbdda\" data-element_type=\"widget\" data-e-type=\"widget\" data-widget_type=\"text-editor.default\">\n\t\t\t\t<div class=\"elementor-widget-container\">\n\t\t\t\t\t\t\t\t\t<h2>INTERFACES DE TEST<\/h2>\n\t\t\t\t\t\t\t\t<\/div>\n\t\t\t\t<\/div>\n\t\t\t\t<\/div>\n\t\t<div class=\"elementor-element elementor-element-78d660f e-con-full e-flex e-con e-child\" data-id=\"78d660f\" data-element_type=\"container\" data-e-type=\"container\">\n\t\t\t\t<div class=\"elementor-element elementor-element-d6319f4 elementor-widget elementor-widget-text-editor\" data-id=\"d6319f4\" data-element_type=\"widget\" data-e-type=\"widget\" data-widget_type=\"text-editor.default\">\n\t\t\t\t<div class=\"elementor-widget-container\">\n\t\t\t\t\t\t\t\t\t<p>Tant dans le secteur de l\u2019\u00e9lectronique grand public qu\u2019industrielle, les interfaces se trouvent dans pratiquement tous les dispositifs. Pour assurer la fiabilit\u00e9 de nos syst\u00e8mes de test, o\u00f9 ces connexions doivent \u00eatre soumises \u00e0 plusieurs tests, il est imp\u00e9ratif d\u2019utiliser des interfaces de test pr\u00e9cises, fiables et durables.<\/p>\n<p>Atewa utilise et fournit des interfaces de test pour applications industrielles, tr\u00e8s r\u00e9sistantes \u00e0 l\u2019usure, pour les tests en circuit (In-Circuit-Test &#8211; ICT) et fonctionnels. Nous avons d\u00e9velopp\u00e9 des r\u00e9pliques de connecteurs sp\u00e9cifiquement pour de telles applications, qui conviennent donc \u00e0 des cycles de couplage tr\u00e8s \u00e9lev\u00e9s.<\/p>\n<p>En voici quelques caract\u00e9ristiques:<\/p>\n<ul>\n<li>Les connecteurs peuvent \u00eatre utilis\u00e9s pour tester les connexions m\u00e2les et femelles.<\/li>\n<li>Tous les types courants de connecteurs RJ, USB, Micro USB, Mini USB, HDMI, etc. sont fabriqu\u00e9s en plastique high-tech particuli\u00e8rement r\u00e9sistante \u00e0 l\u2019abrasion.<\/li>\n<li>Une longue dur\u00e9e de vie est assur\u00e9e gr\u00e2ce aux fils de contact coll\u00e9s dans le corps du connecteur.<\/li>\n<li>Dur\u00e9e de vie plus longue gr\u00e2ce \u00e0 la pr\u00e9vention du blocage.<\/li>\n<li>Contact \u00e0 faible usure \u00e0 l\u2019int\u00e9rieur des prises gr\u00e2ce \u00e0 l\u2019embout de connecteur sp\u00e9cialement con\u00e7u.<\/li>\n<li>Formes sp\u00e9ciales disponibles sur demande.<\/li>\n<\/ul>\n\t\t\t\t\t\t\t\t<\/div>\n\t\t\t\t<\/div>\n\t\t\t\t<\/div>\n\t\t\t\t\t<\/div>\n\t\t\t\t<\/div>\n\t\t<div class=\"elementor-element elementor-element-73008a7 e-flex e-con-boxed e-con e-parent\" data-id=\"73008a7\" data-element_type=\"container\" data-e-type=\"container\">\n\t\t\t\t\t<div class=\"e-con-inner\">\n\t\t\t\t<div class=\"elementor-element elementor-element-c37738a elementor-widget-divider--view-line elementor-widget elementor-widget-divider\" data-id=\"c37738a\" data-element_type=\"widget\" data-e-type=\"widget\" data-widget_type=\"divider.default\">\n\t\t\t\t<div class=\"elementor-widget-container\">\n\t\t\t\t\t\t\t<div class=\"elementor-divider\">\n\t\t\t<span class=\"elementor-divider-separator\">\n\t\t\t\t\t\t<\/span>\n\t\t<\/div>\n\t\t\t\t\t\t<\/div>\n\t\t\t\t<\/div>\n\t\t\t\t\t<\/div>\n\t\t\t\t<\/div>\n\t\t<div class=\"elementor-element elementor-element-d1ab04d e-flex e-con-boxed e-con e-parent\" data-id=\"d1ab04d\" data-element_type=\"container\" data-e-type=\"container\">\n\t\t\t\t\t<div class=\"e-con-inner\">\n\t\t\t\t<div class=\"elementor-element elementor-element-5a15b1f elementor-widget elementor-widget-spacer\" data-id=\"5a15b1f\" data-element_type=\"widget\" data-e-type=\"widget\" data-widget_type=\"spacer.default\">\n\t\t\t\t<div class=\"elementor-widget-container\">\n\t\t\t\t\t\t\t<div class=\"elementor-spacer\">\n\t\t\t<div class=\"elementor-spacer-inner\"><\/div>\n\t\t<\/div>\n\t\t\t\t\t\t<\/div>\n\t\t\t\t<\/div>\n\t\t\t\t\t<\/div>\n\t\t\t\t<\/div>\n\t\t\t\t<\/div>\n\t\t","protected":false},"excerpt":{"rendered":"<p>Interfaces de test Interfaces de test pour applications industrielles, tr\u00e8s r\u00e9sistantes \u00e0 l\u2019usure INTERFACES DE TEST Tant dans le secteur [&hellip;]<\/p>\n","protected":false},"author":1,"featured_media":0,"parent":0,"menu_order":0,"comment_status":"closed","ping_status":"closed","template":"","meta":{"site-sidebar-layout":"no-sidebar","site-content-layout":"","ast-site-content-layout":"full-width-container","site-content-style":"default","site-sidebar-style":"default","ast-global-header-display":"","ast-banner-title-visibility":"","ast-main-header-display":"","ast-hfb-above-header-display":"","ast-hfb-below-header-display":"","ast-hfb-mobile-header-display":"","site-post-title":"disabled","ast-breadcrumbs-content":"","ast-featured-img":"disabled","footer-sml-layout":"","ast-disable-related-posts":"","theme-transparent-header-meta":"","adv-header-id-meta":"","stick-header-meta":"","header-above-stick-meta":"","header-main-stick-meta":"","header-below-stick-meta":"","astra-migrate-meta-layouts":"default","ast-page-background-enabled":"default","ast-page-background-meta":{"desktop":{"background-color":"var(--ast-global-color-4)","background-image":"","background-repeat":"repeat","background-position":"center center","background-size":"auto","background-attachment":"scroll","background-type":"","background-media":"","overlay-type":"","overlay-color":"","overlay-opacity":"","overlay-gradient":""},"tablet":{"background-color":"","background-image":"","background-repeat":"repeat","background-position":"center center","background-size":"auto","background-attachment":"scroll","background-type":"","background-media":"","overlay-type":"","overlay-color":"","overlay-opacity":"","overlay-gradient":""},"mobile":{"background-color":"","background-image":"","background-repeat":"repeat","background-position":"center center","background-size":"auto","background-attachment":"scroll","background-type":"","background-media":"","overlay-type":"","overlay-color":"","overlay-opacity":"","overlay-gradient":""}},"ast-content-background-meta":{"desktop":{"background-color":"var(--ast-global-color-5)","background-image":"","background-repeat":"repeat","background-position":"center center","background-size":"auto","background-attachment":"scroll","background-type":"","background-media":"","overlay-type":"","overlay-color":"","overlay-opacity":"","overlay-gradient":""},"tablet":{"background-color":"var(--ast-global-color-5)","background-image":"","background-repeat":"repeat","background-position":"center center","background-size":"auto","background-attachment":"scroll","background-type":"","background-media":"","overlay-type":"","overlay-color":"","overlay-opacity":"","overlay-gradient":""},"mobile":{"background-color":"var(--ast-global-color-5)","background-image":"","background-repeat":"repeat","background-position":"center center","background-size":"auto","background-attachment":"scroll","background-type":"","background-media":"","overlay-type":"","overlay-color":"","overlay-opacity":"","overlay-gradient":""}},"footnotes":""},"class_list":["post-1664","page","type-page","status-publish","hentry"],"_links":{"self":[{"href":"https:\/\/atewa.ch\/fr\/wp-json\/wp\/v2\/pages\/1664","targetHints":{"allow":["GET"]}}],"collection":[{"href":"https:\/\/atewa.ch\/fr\/wp-json\/wp\/v2\/pages"}],"about":[{"href":"https:\/\/atewa.ch\/fr\/wp-json\/wp\/v2\/types\/page"}],"author":[{"embeddable":true,"href":"https:\/\/atewa.ch\/fr\/wp-json\/wp\/v2\/users\/1"}],"replies":[{"embeddable":true,"href":"https:\/\/atewa.ch\/fr\/wp-json\/wp\/v2\/comments?post=1664"}],"version-history":[{"count":1,"href":"https:\/\/atewa.ch\/fr\/wp-json\/wp\/v2\/pages\/1664\/revisions"}],"predecessor-version":[{"id":1666,"href":"https:\/\/atewa.ch\/fr\/wp-json\/wp\/v2\/pages\/1664\/revisions\/1666"}],"wp:attachment":[{"href":"https:\/\/atewa.ch\/fr\/wp-json\/wp\/v2\/media?parent=1664"}],"curies":[{"name":"wp","href":"https:\/\/api.w.org\/{rel}","templated":true}]}}