{"id":1655,"date":"2024-06-05T13:05:56","date_gmt":"2024-06-05T11:05:56","guid":{"rendered":"https:\/\/atewa.ch\/partenaire\/"},"modified":"2024-07-23T19:34:18","modified_gmt":"2024-07-23T17:34:18","slug":"partenaire","status":"publish","type":"page","link":"https:\/\/atewa.ch\/fr\/partenaire\/","title":{"rendered":"Partenaire"},"content":{"rendered":"\t\t<div data-elementor-type=\"wp-page\" data-elementor-id=\"1655\" class=\"elementor elementor-1655 elementor-1076\" data-elementor-post-type=\"page\">\n\t\t\t\t<div class=\"elementor-element elementor-element-3a5bd59 e-con-full e-flex e-con e-parent\" data-id=\"3a5bd59\" data-element_type=\"container\" data-e-type=\"container\" data-settings=\"{&quot;background_background&quot;:&quot;classic&quot;}\">\n\t\t<div class=\"elementor-element elementor-element-9041ae7 e-flex e-con-boxed e-con e-child\" data-id=\"9041ae7\" data-element_type=\"container\" data-e-type=\"container\">\n\t\t\t\t\t<div class=\"e-con-inner\">\n\t\t\t\t\t<\/div>\n\t\t\t\t<\/div>\n\t\t<div class=\"elementor-element elementor-element-7a6e83a e-flex e-con-boxed e-con e-child\" data-id=\"7a6e83a\" data-element_type=\"container\" data-e-type=\"container\">\n\t\t\t\t\t<div class=\"e-con-inner\">\n\t\t<div class=\"elementor-element elementor-element-77f5793 e-con-full e-flex e-con e-child\" data-id=\"77f5793\" data-element_type=\"container\" data-e-type=\"container\" data-settings=\"{&quot;background_background&quot;:&quot;classic&quot;}\">\n\t\t\t\t<div class=\"elementor-element elementor-element-95b7cd3 elementor-widget-divider--view-line elementor-widget elementor-widget-divider\" data-id=\"95b7cd3\" data-element_type=\"widget\" data-e-type=\"widget\" data-widget_type=\"divider.default\">\n\t\t\t\t<div class=\"elementor-widget-container\">\n\t\t\t\t\t\t\t<div class=\"elementor-divider\">\n\t\t\t<span class=\"elementor-divider-separator\">\n\t\t\t\t\t\t<\/span>\n\t\t<\/div>\n\t\t\t\t\t\t<\/div>\n\t\t\t\t<\/div>\n\t\t\t\t<div class=\"elementor-element elementor-element-052aafc elementor-widget elementor-widget-text-editor\" data-id=\"052aafc\" data-element_type=\"widget\" data-e-type=\"widget\" data-widget_type=\"text-editor.default\">\n\t\t\t\t<div class=\"elementor-widget-container\">\n\t\t\t\t\t\t\t\t\t<h2>Distributeur et partenaire<\/h2>\n\t\t\t\t\t\t\t\t<\/div>\n\t\t\t\t<\/div>\n\t\t\t\t<div class=\"elementor-element elementor-element-c329c8a elementor-widget elementor-widget-text-editor\" data-id=\"c329c8a\" data-element_type=\"widget\" data-e-type=\"widget\" data-widget_type=\"text-editor.default\">\n\t\t\t\t<div class=\"elementor-widget-container\">\n\t\t\t\t\t\t\t\t\t<p>Nous sommes importateur, distributeur et partenaire officiel pour la Suisse de marques importantes de ce secteur<\/p>\n\t\t\t\t\t\t\t\t<\/div>\n\t\t\t\t<\/div>\n\t\t\t\t<\/div>\n\t\t\t\t\t<\/div>\n\t\t\t\t<\/div>\n\t\t\t\t<\/div>\n\t\t<div class=\"elementor-element elementor-element-767eb7d e-flex e-con-boxed e-con e-parent\" data-id=\"767eb7d\" data-element_type=\"container\" data-e-type=\"container\">\n\t\t\t\t\t<div class=\"e-con-inner\">\n\t\t<div class=\"elementor-element elementor-element-dddaed1 e-con-full e-flex e-con e-child\" data-id=\"dddaed1\" data-element_type=\"container\" data-e-type=\"container\">\n\t\t\t\t<div class=\"elementor-element elementor-element-86da750 elementor-widget-divider--view-line elementor-widget elementor-widget-divider\" data-id=\"86da750\" data-element_type=\"widget\" data-e-type=\"widget\" data-widget_type=\"divider.default\">\n\t\t\t\t<div class=\"elementor-widget-container\">\n\t\t\t\t\t\t\t<div class=\"elementor-divider\">\n\t\t\t<span class=\"elementor-divider-separator\">\n\t\t\t\t\t\t<\/span>\n\t\t<\/div>\n\t\t\t\t\t\t<\/div>\n\t\t\t\t<\/div>\n\t\t\t\t<div class=\"elementor-element elementor-element-07dbdda elementor-widget elementor-widget-text-editor\" data-id=\"07dbdda\" data-element_type=\"widget\" data-e-type=\"widget\" data-widget_type=\"text-editor.default\">\n\t\t\t\t<div class=\"elementor-widget-container\">\n\t\t\t\t\t\t\t\t\t<h2>PARTENAIRE<\/h2>\n\t\t\t\t\t\t\t\t<\/div>\n\t\t\t\t<\/div>\n\t\t\t\t<\/div>\n\t\t<div class=\"elementor-element elementor-element-78d660f e-con-full e-flex e-con e-child\" data-id=\"78d660f\" data-element_type=\"container\" data-e-type=\"container\">\n\t\t\t\t<div class=\"elementor-element elementor-element-d6319f4 elementor-widget elementor-widget-text-editor\" data-id=\"d6319f4\" data-element_type=\"widget\" data-e-type=\"widget\" data-widget_type=\"text-editor.default\">\n\t\t\t\t<div class=\"elementor-widget-container\">\n\t\t\t\t\t\t\t\t\t<p>Gr\u00e2ce \u00e0 notre longue exp\u00e9rience dans ce secteur, nous nous sommes impos\u00e9s comme importateur, distributeur et partenaire officiel pour la Suisse de plusieurs marques importantes de ce secteur. Nous proposons des produits de qualit\u00e9 sup\u00e9rieure \u00e0 des prix comp\u00e9titifs et dans des d\u00e9lais de livraison rapides, en garantissant ainsi \u00e0 nos partenaires une base solide pour le succ\u00e8s.<\/p>\n\t\t\t\t\t\t\t\t<\/div>\n\t\t\t\t<\/div>\n\t\t\t\t<\/div>\n\t\t\t\t\t<\/div>\n\t\t\t\t<\/div>\n\t\t<div class=\"elementor-element elementor-element-73008a7 e-flex e-con-boxed e-con e-parent\" data-id=\"73008a7\" data-element_type=\"container\" data-e-type=\"container\">\n\t\t\t\t\t<div class=\"e-con-inner\">\n\t\t\t\t<div class=\"elementor-element elementor-element-c37738a elementor-widget-divider--view-line elementor-widget elementor-widget-divider\" data-id=\"c37738a\" data-element_type=\"widget\" data-e-type=\"widget\" data-widget_type=\"divider.default\">\n\t\t\t\t<div class=\"elementor-widget-container\">\n\t\t\t\t\t\t\t<div class=\"elementor-divider\">\n\t\t\t<span class=\"elementor-divider-separator\">\n\t\t\t\t\t\t<\/span>\n\t\t<\/div>\n\t\t\t\t\t\t<\/div>\n\t\t\t\t<\/div>\n\t\t\t\t\t<\/div>\n\t\t\t\t<\/div>\n\t\t<div class=\"elementor-element elementor-element-e1feb0f e-flex e-con-boxed e-con e-parent\" data-id=\"e1feb0f\" data-element_type=\"container\" data-e-type=\"container\">\n\t\t\t\t\t<div class=\"e-con-inner\">\n\t\t<div class=\"elementor-element elementor-element-521f16f e-con-full e-flex e-con e-child\" data-id=\"521f16f\" data-element_type=\"container\" data-e-type=\"container\">\n\t\t\t\t<div class=\"elementor-element elementor-element-c14bc9d elementor-widget elementor-widget-image\" data-id=\"c14bc9d\" data-element_type=\"widget\" data-e-type=\"widget\" data-widget_type=\"image.default\">\n\t\t\t\t<div class=\"elementor-widget-container\">\n\t\t\t\t\t\t\t\t\t\t\t\t\t\t\t\t<a href=\"https:\/\/teconsrl.net\/\" target=\"_blank\" rel=\"noopener\">\n\t\t\t\t\t\t\t<img decoding=\"async\" width=\"300\" height=\"101\" src=\"https:\/\/atewa.ch\/wp-content\/uploads\/2024\/07\/Logo_tecon.webp\" class=\"attachment-large size-large wp-image-1886\" alt=\"\" \/>\t\t\t\t\t\t\t\t<\/a>\n\t\t\t\t\t\t\t\t\t\t\t\t\t\t\t<\/div>\n\t\t\t\t<\/div>\n\t\t\t\t<\/div>\n\t\t<div class=\"elementor-element elementor-element-57284b1 e-con-full e-flex e-con e-child\" data-id=\"57284b1\" data-element_type=\"container\" data-e-type=\"container\">\n\t\t\t\t<div class=\"elementor-element elementor-element-9df57dd elementor-widget-divider--view-line elementor-widget elementor-widget-divider\" data-id=\"9df57dd\" data-element_type=\"widget\" data-e-type=\"widget\" data-widget_type=\"divider.default\">\n\t\t\t\t<div class=\"elementor-widget-container\">\n\t\t\t\t\t\t\t<div class=\"elementor-divider\">\n\t\t\t<span class=\"elementor-divider-separator\">\n\t\t\t\t\t\t<\/span>\n\t\t<\/div>\n\t\t\t\t\t\t<\/div>\n\t\t\t\t<\/div>\n\t\t\t\t<div class=\"elementor-element elementor-element-13c60a0 elementor-widget elementor-widget-text-editor\" data-id=\"13c60a0\" data-element_type=\"widget\" data-e-type=\"widget\" data-widget_type=\"text-editor.default\">\n\t\t\t\t<div class=\"elementor-widget-container\">\n\t\t\t\t\t\t\t\t\t<h4>TECON &#8211; pointes de test \u00e0 ressort<\/h4>\n\t\t\t\t\t\t\t\t<\/div>\n\t\t\t\t<\/div>\n\t\t\t\t<div class=\"elementor-element elementor-element-cf9d712 elementor-widget elementor-widget-text-editor\" data-id=\"cf9d712\" data-element_type=\"widget\" data-e-type=\"widget\" data-widget_type=\"text-editor.default\">\n\t\t\t\t<div class=\"elementor-widget-container\">\n\t\t\t\t\t\t\t\t\t<p>Nous sommes distributeur et partenaire pour le territoire suisse des pointes de test \u00e0 ressort de la marque <a href=\"https:\/\/teconsrl.net\/\" target=\"_blank\" rel=\"noopener\" data-wplink-edit=\"true\">Tecon<\/a>.<\/p>\n<p>Depuis plus de trente ans, nous sommes sp\u00e9cialis\u00e9s dans les syst\u00e8mes de test utilisant des pointes de test \u00e0 ressort. Nous avons acquis une grande exp\u00e9rience dans leur utilisation.<\/p>\n<p>Depuis plusieurs ann\u00e9es, nous sommes distributeur et partenaire de marques renomm\u00e9es dans ce secteur et nous avons d\u00e9sormais ajout\u00e9 la marque Tecon dans notre gamme de produits.<\/p>\n<p>Tecon garantit une qualit\u00e9 \u00e9lev\u00e9e, des prix comp\u00e9titifs et des d\u00e9lais de livraison attractifs. De plus, nous pouvons produire des articles hors catalogue selon les sp\u00e9cifications du client.<\/p>\n<p>Les pointes de test \u00e0 ressort Tecon sont compatibles avec les marques les plus connues du secteur.<\/p>\n<p>En tant que distributeur et partenaire, nous r\u00e9pondons volontiers \u00e0 toutes vos questions. De plus, l\u2019\u00e9quipe Tecon nous soutient avec ses techniciens qualifi\u00e9s si n\u00e9cessaire.<\/p>\n<p>En plus des pointes de test \u00e0 ressort, Tecon peut fournir de nombreux autres articles d\u2019\u00e9quipement : vis, broches, entretoises, etc.<\/p>\n\t\t\t\t\t\t\t\t<\/div>\n\t\t\t\t<\/div>\n\t\t\t\t<\/div>\n\t\t\t\t\t<\/div>\n\t\t\t\t<\/div>\n\t\t<div class=\"elementor-element elementor-element-24e7f45 e-flex e-con-boxed e-con e-parent\" data-id=\"24e7f45\" data-element_type=\"container\" data-e-type=\"container\">\n\t\t\t\t\t<div class=\"e-con-inner\">\n\t\t\t\t<div class=\"elementor-element elementor-element-f8a8078 elementor-widget-divider--view-line elementor-widget elementor-widget-divider\" data-id=\"f8a8078\" data-element_type=\"widget\" data-e-type=\"widget\" data-widget_type=\"divider.default\">\n\t\t\t\t<div class=\"elementor-widget-container\">\n\t\t\t\t\t\t\t<div class=\"elementor-divider\">\n\t\t\t<span class=\"elementor-divider-separator\">\n\t\t\t\t\t\t<\/span>\n\t\t<\/div>\n\t\t\t\t\t\t<\/div>\n\t\t\t\t<\/div>\n\t\t\t\t\t<\/div>\n\t\t\t\t<\/div>\n\t\t<div class=\"elementor-element elementor-element-17cba05 e-flex e-con-boxed e-con e-parent\" data-id=\"17cba05\" data-element_type=\"container\" data-e-type=\"container\">\n\t\t\t\t\t<div class=\"e-con-inner\">\n\t\t<div class=\"elementor-element elementor-element-c56bace e-con-full e-flex e-con e-child\" data-id=\"c56bace\" data-element_type=\"container\" data-e-type=\"container\">\n\t\t\t\t<div class=\"elementor-element elementor-element-807311e elementor-widget-divider--view-line elementor-widget elementor-widget-divider\" data-id=\"807311e\" data-element_type=\"widget\" data-e-type=\"widget\" data-widget_type=\"divider.default\">\n\t\t\t\t<div class=\"elementor-widget-container\">\n\t\t\t\t\t\t\t<div class=\"elementor-divider\">\n\t\t\t<span class=\"elementor-divider-separator\">\n\t\t\t\t\t\t<\/span>\n\t\t<\/div>\n\t\t\t\t\t\t<\/div>\n\t\t\t\t<\/div>\n\t\t\t\t<div class=\"elementor-element elementor-element-81b56d8 elementor-widget elementor-widget-text-editor\" data-id=\"81b56d8\" data-element_type=\"widget\" data-e-type=\"widget\" data-widget_type=\"text-editor.default\">\n\t\t\t\t<div class=\"elementor-widget-container\">\n\t\t\t\t\t\t\t\t\t<h4>PRODUITS DE TEST H+W \u2013 ADAPTATEURS<\/h4>\n\t\t\t\t\t\t\t\t<\/div>\n\t\t\t\t<\/div>\n\t\t\t\t<div class=\"elementor-element elementor-element-f993fff elementor-widget elementor-widget-text-editor\" data-id=\"f993fff\" data-element_type=\"widget\" data-e-type=\"widget\" data-widget_type=\"text-editor.default\">\n\t\t\t\t<div class=\"elementor-widget-container\">\n\t\t\t\t\t\t\t\t\t<p>Depuis plusieurs ann\u00e9es, nous sommes distributeur et partenaire sur le territoire suisse de la marque am\u00e9ricaine <a href=\"https:\/\/hwtestproducts.com\/\" target=\"_blank\" rel=\"noopener\" data-wplink-edit=\"true\">H+W<\/a>.<\/p>\n<p>Les produits propos\u00e9s sont des interfaces de test sous vide, des couvercles \u00e0 fermeture parall\u00e8le, des adaptateurs m\u00e9caniques, des blocs interfaces, des broches cibles, divers accessoires pour syst\u00e8mes de test, etc.<\/p>\n<p>N\u2019h\u00e9sitez pas \u00e0 nous contacter pour toute question.<\/p>\n\t\t\t\t\t\t\t\t<\/div>\n\t\t\t\t<\/div>\n\t\t<div class=\"elementor-element elementor-element-8bc0b5e e-con-full e-flex e-con e-child\" data-id=\"8bc0b5e\" data-element_type=\"container\" data-e-type=\"container\">\n\t\t\t\t<\/div>\n\t\t\t\t<\/div>\n\t\t<div class=\"elementor-element elementor-element-00e7487 e-con-full e-flex e-con e-child\" data-id=\"00e7487\" data-element_type=\"container\" data-e-type=\"container\">\n\t\t\t\t<div class=\"elementor-element elementor-element-b4b2f34 elementor-widget elementor-widget-image\" data-id=\"b4b2f34\" data-element_type=\"widget\" data-e-type=\"widget\" data-widget_type=\"image.default\">\n\t\t\t\t<div class=\"elementor-widget-container\">\n\t\t\t\t\t\t\t\t\t\t\t\t\t\t\t<img fetchpriority=\"high\" decoding=\"async\" width=\"500\" height=\"290\" src=\"https:\/\/atewa.ch\/wp-content\/uploads\/2024\/07\/HW-partner.jpg\" class=\"attachment-large size-large wp-image-1657\" alt=\"\" srcset=\"https:\/\/atewa.ch\/wp-content\/uploads\/2024\/07\/HW-partner.jpg 500w, https:\/\/atewa.ch\/wp-content\/uploads\/2024\/07\/HW-partner-300x174.jpg 300w\" sizes=\"(max-width: 500px) 100vw, 500px\" \/>\t\t\t\t\t\t\t\t\t\t\t\t\t\t\t<\/div>\n\t\t\t\t<\/div>\n\t\t\t\t<\/div>\n\t\t\t\t\t<\/div>\n\t\t\t\t<\/div>\n\t\t<div class=\"elementor-element elementor-element-ba972e2 e-flex e-con-boxed e-con e-parent\" data-id=\"ba972e2\" data-element_type=\"container\" data-e-type=\"container\">\n\t\t\t\t\t<div class=\"e-con-inner\">\n\t\t\t\t<div class=\"elementor-element elementor-element-cf482f7 elementor-widget-divider--view-line elementor-widget elementor-widget-divider\" data-id=\"cf482f7\" data-element_type=\"widget\" data-e-type=\"widget\" data-widget_type=\"divider.default\">\n\t\t\t\t<div class=\"elementor-widget-container\">\n\t\t\t\t\t\t\t<div class=\"elementor-divider\">\n\t\t\t<span class=\"elementor-divider-separator\">\n\t\t\t\t\t\t<\/span>\n\t\t<\/div>\n\t\t\t\t\t\t<\/div>\n\t\t\t\t<\/div>\n\t\t\t\t\t<\/div>\n\t\t\t\t<\/div>\n\t\t<div class=\"elementor-element elementor-element-1c16b76 e-flex e-con-boxed e-con e-parent\" data-id=\"1c16b76\" data-element_type=\"container\" data-e-type=\"container\">\n\t\t\t\t\t<div class=\"e-con-inner\">\n\t\t<div class=\"elementor-element elementor-element-1133851 e-con-full e-flex e-con e-child\" data-id=\"1133851\" data-element_type=\"container\" data-e-type=\"container\">\n\t\t\t\t<div class=\"elementor-element elementor-element-0ffe220 elementor-widget elementor-widget-image\" data-id=\"0ffe220\" data-element_type=\"widget\" data-e-type=\"widget\" data-widget_type=\"image.default\">\n\t\t\t\t<div class=\"elementor-widget-container\">\n\t\t\t\t\t\t\t\t\t\t\t\t\t\t\t\t<a href=\"https:\/\/www.ipses.com\/\" target=\"_blank\" rel=\"noopener\">\n\t\t\t\t\t\t\t<img decoding=\"async\" width=\"229\" height=\"79\" src=\"https:\/\/atewa.ch\/wp-content\/uploads\/2024\/07\/IPSES220x79.png\" class=\"attachment-large size-large wp-image-1891\" alt=\"\" \/>\t\t\t\t\t\t\t\t<\/a>\n\t\t\t\t\t\t\t\t\t\t\t\t\t\t\t<\/div>\n\t\t\t\t<\/div>\n\t\t\t\t<\/div>\n\t\t<div class=\"elementor-element elementor-element-3241585 e-con-full e-flex e-con e-child\" data-id=\"3241585\" data-element_type=\"container\" data-e-type=\"container\">\n\t\t\t\t<div class=\"elementor-element elementor-element-6cdf4aa elementor-widget-divider--view-line elementor-widget elementor-widget-divider\" data-id=\"6cdf4aa\" data-element_type=\"widget\" data-e-type=\"widget\" data-widget_type=\"divider.default\">\n\t\t\t\t<div class=\"elementor-widget-container\">\n\t\t\t\t\t\t\t<div class=\"elementor-divider\">\n\t\t\t<span class=\"elementor-divider-separator\">\n\t\t\t\t\t\t<\/span>\n\t\t<\/div>\n\t\t\t\t\t\t<\/div>\n\t\t\t\t<\/div>\n\t\t\t\t<div class=\"elementor-element elementor-element-df7a610 elementor-widget elementor-widget-text-editor\" data-id=\"df7a610\" data-element_type=\"widget\" data-e-type=\"widget\" data-widget_type=\"text-editor.default\">\n\t\t\t\t<div class=\"elementor-widget-container\">\n\t\t\t\t\t\t\t\t\t<h4>IPSES Srl<\/h4>\n\t\t\t\t\t\t\t\t<\/div>\n\t\t\t\t<\/div>\n\t\t\t\t<div class=\"elementor-element elementor-element-4cff5df elementor-widget elementor-widget-text-editor\" data-id=\"4cff5df\" data-element_type=\"widget\" data-e-type=\"widget\" data-widget_type=\"text-editor.default\">\n\t\t\t\t<div class=\"elementor-widget-container\">\n\t\t\t\t\t\t\t\t\t<p>Gr\u00e2ce \u00e0 notre collaboration avec <a href=\"https:\/\/www.ipses.com\/\" target=\"_blank\" rel=\"noopener\" data-wplink-edit=\"true\">IPSES<\/a>, nous offrons des solutions cl\u00e9s en main pour les tests fonctionnels.<\/p>\n<p>IPSES propose des solutions d&rsquo;excellence dans les secteurs de la fabrication industrielle, de l&rsquo;a\u00e9rospatiale et de la d\u00e9fense, de l&rsquo;automobile et des transports, ainsi que de l&rsquo;\u00e9nergie, en se concentrant sur les tests <strong>et la conception de solutions \u00e9lectroniques personnalis\u00e9es<\/strong>. Leurs applications se concentrent principalement sur les tests fonctionnels, de vision, RF et Boundary scan avec des plateformes mat\u00e9rielles et logicielles modulaires, le d\u00e9veloppement de mat\u00e9riel et de <em>logiciels embarqu\u00e9s<\/em>, l&rsquo;int\u00e9gration de syst\u00e8mes, et les applications dans les domaines RF et la g\u00e9n\u00e9ration de timing et de fr\u00e9quence. Des normes \u00e9lev\u00e9es dans la gestion de projets, m\u00eame complexes et multi-niveaux, sont garanties non seulement par leur haute comp\u00e9tence technique mais aussi par la qualit\u00e9 et la tra\u00e7abilit\u00e9 de leurs processus.  <\/p>\n\t\t\t\t\t\t\t\t<\/div>\n\t\t\t\t<\/div>\n\t\t\t\t<\/div>\n\t\t\t\t\t<\/div>\n\t\t\t\t<\/div>\n\t\t<div class=\"elementor-element elementor-element-54a1d5b e-flex e-con-boxed e-con e-parent\" data-id=\"54a1d5b\" data-element_type=\"container\" data-e-type=\"container\">\n\t\t\t\t\t<div class=\"e-con-inner\">\n\t\t\t\t<div class=\"elementor-element elementor-element-2577cc6 elementor-widget-divider--view-line elementor-widget elementor-widget-divider\" data-id=\"2577cc6\" data-element_type=\"widget\" data-e-type=\"widget\" data-widget_type=\"divider.default\">\n\t\t\t\t<div class=\"elementor-widget-container\">\n\t\t\t\t\t\t\t<div class=\"elementor-divider\">\n\t\t\t<span class=\"elementor-divider-separator\">\n\t\t\t\t\t\t<\/span>\n\t\t<\/div>\n\t\t\t\t\t\t<\/div>\n\t\t\t\t<\/div>\n\t\t\t\t\t<\/div>\n\t\t\t\t<\/div>\n\t\t<div class=\"elementor-element elementor-element-a9448cc e-flex e-con-boxed e-con e-parent\" data-id=\"a9448cc\" data-element_type=\"container\" data-e-type=\"container\">\n\t\t\t\t\t<div class=\"e-con-inner\">\n\t\t<div class=\"elementor-element elementor-element-e5f5385 e-con-full e-flex e-con e-child\" data-id=\"e5f5385\" data-element_type=\"container\" data-e-type=\"container\">\n\t\t\t\t<div class=\"elementor-element elementor-element-b8a083e elementor-widget-divider--view-line elementor-widget elementor-widget-divider\" data-id=\"b8a083e\" data-element_type=\"widget\" data-e-type=\"widget\" data-widget_type=\"divider.default\">\n\t\t\t\t<div class=\"elementor-widget-container\">\n\t\t\t\t\t\t\t<div class=\"elementor-divider\">\n\t\t\t<span class=\"elementor-divider-separator\">\n\t\t\t\t\t\t<\/span>\n\t\t<\/div>\n\t\t\t\t\t\t<\/div>\n\t\t\t\t<\/div>\n\t\t\t\t<div class=\"elementor-element elementor-element-8960bda elementor-widget elementor-widget-text-editor\" data-id=\"8960bda\" data-element_type=\"widget\" data-e-type=\"widget\" data-widget_type=\"text-editor.default\">\n\t\t\t\t<div class=\"elementor-widget-container\">\n\t\t\t\t\t\t\t\t\t<h4>Atecare<\/h4>\n\t\t\t\t\t\t\t\t<\/div>\n\t\t\t\t<\/div>\n\t\t\t\t<div class=\"elementor-element elementor-element-2962283 elementor-widget elementor-widget-text-editor\" data-id=\"2962283\" data-element_type=\"widget\" data-e-type=\"widget\" data-widget_type=\"text-editor.default\">\n\t\t\t\t<div class=\"elementor-widget-container\">\n\t\t\t\t\t\t\t\t\t<p>En collaboration avec notre partenaire <a href=\"https:\/\/atecare.de\/\" target=\"_blank\" rel=\"noopener\">Atecare<\/a>, nous proposons des solutions de test ICT personnalis\u00e9es et cl\u00e9s en main.<\/p>\n<p>Le test en circuit a consid\u00e9rablement \u00e9volu\u00e9 ces derni\u00e8res ann\u00e9es, mais il reste l&rsquo;une des m\u00e9thodes de test les plus importantes, en particulier dans le secteur des gros volumes.<\/p>\n<p>Outre les solutions ICT, Atecare propose \u00e9galement une s\u00e9rie d&rsquo;autres tests de haute qualit\u00e9.<\/p>\n\t\t\t\t\t\t\t\t<\/div>\n\t\t\t\t<\/div>\n\t\t<div class=\"elementor-element elementor-element-bc3bc23 e-con-full e-flex e-con e-child\" data-id=\"bc3bc23\" data-element_type=\"container\" data-e-type=\"container\">\n\t\t\t\t<\/div>\n\t\t\t\t<\/div>\n\t\t<div class=\"elementor-element elementor-element-222eb36 e-con-full e-flex e-con e-child\" data-id=\"222eb36\" data-element_type=\"container\" data-e-type=\"container\">\n\t\t\t\t<div class=\"elementor-element elementor-element-349a295 elementor-widget elementor-widget-image\" data-id=\"349a295\" data-element_type=\"widget\" data-e-type=\"widget\" data-widget_type=\"image.default\">\n\t\t\t\t<div class=\"elementor-widget-container\">\n\t\t\t\t\t\t\t\t\t\t\t\t\t\t\t\t<a href=\"https:\/\/atecare.de\/\" target=\"_blank\" rel=\"noopener\">\n\t\t\t\t\t\t\t<img loading=\"lazy\" decoding=\"async\" width=\"607\" height=\"387\" src=\"https:\/\/atewa.ch\/wp-content\/uploads\/2024\/07\/logo_atecare.png\" class=\"attachment-large size-large wp-image-1898\" alt=\"\" srcset=\"https:\/\/atewa.ch\/wp-content\/uploads\/2024\/07\/logo_atecare.png 607w, https:\/\/atewa.ch\/wp-content\/uploads\/2024\/07\/logo_atecare-300x191.png 300w\" sizes=\"(max-width: 607px) 100vw, 607px\" \/>\t\t\t\t\t\t\t\t<\/a>\n\t\t\t\t\t\t\t\t\t\t\t\t\t\t\t<\/div>\n\t\t\t\t<\/div>\n\t\t\t\t<\/div>\n\t\t\t\t\t<\/div>\n\t\t\t\t<\/div>\n\t\t<div class=\"elementor-element elementor-element-d1ab04d e-flex e-con-boxed e-con e-parent\" data-id=\"d1ab04d\" data-element_type=\"container\" data-e-type=\"container\">\n\t\t\t\t\t<div class=\"e-con-inner\">\n\t\t\t\t<div class=\"elementor-element elementor-element-5a15b1f elementor-widget elementor-widget-spacer\" data-id=\"5a15b1f\" data-element_type=\"widget\" data-e-type=\"widget\" data-widget_type=\"spacer.default\">\n\t\t\t\t<div class=\"elementor-widget-container\">\n\t\t\t\t\t\t\t<div class=\"elementor-spacer\">\n\t\t\t<div class=\"elementor-spacer-inner\"><\/div>\n\t\t<\/div>\n\t\t\t\t\t\t<\/div>\n\t\t\t\t<\/div>\n\t\t\t\t\t<\/div>\n\t\t\t\t<\/div>\n\t\t\t\t<\/div>\n\t\t","protected":false},"excerpt":{"rendered":"<p>Distributeur et partenaire Nous sommes importateur, distributeur et partenaire officiel pour la Suisse de marques importantes de ce secteur PARTENAIRE [&hellip;]<\/p>\n","protected":false},"author":1,"featured_media":0,"parent":0,"menu_order":0,"comment_status":"closed","ping_status":"closed","template":"","meta":{"site-sidebar-layout":"no-sidebar","site-content-layout":"","ast-site-content-layout":"full-width-container","site-content-style":"default","site-sidebar-style":"default","ast-global-header-display":"","ast-banner-title-visibility":"","ast-main-header-display":"","ast-hfb-above-header-display":"","ast-hfb-below-header-display":"","ast-hfb-mobile-header-display":"","site-post-title":"disabled","ast-breadcrumbs-content":"","ast-featured-img":"disabled","footer-sml-layout":"","ast-disable-related-posts":"","theme-transparent-header-meta":"","adv-header-id-meta":"","stick-header-meta":"","header-above-stick-meta":"","header-main-stick-meta":"","header-below-stick-meta":"","astra-migrate-meta-layouts":"default","ast-page-background-enabled":"default","ast-page-background-meta":{"desktop":{"background-color":"var(--ast-global-color-4)","background-image":"","background-repeat":"repeat","background-position":"center center","background-size":"auto","background-attachment":"scroll","background-type":"","background-media":"","overlay-type":"","overlay-color":"","overlay-opacity":"","overlay-gradient":""},"tablet":{"background-color":"","background-image":"","background-repeat":"repeat","background-position":"center center","background-size":"auto","background-attachment":"scroll","background-type":"","background-media":"","overlay-type":"","overlay-color":"","overlay-opacity":"","overlay-gradient":""},"mobile":{"background-color":"","background-image":"","background-repeat":"repeat","background-position":"center center","background-size":"auto","background-attachment":"scroll","background-type":"","background-media":"","overlay-type":"","overlay-color":"","overlay-opacity":"","overlay-gradient":""}},"ast-content-background-meta":{"desktop":{"background-color":"var(--ast-global-color-5)","background-image":"","background-repeat":"repeat","background-position":"center center","background-size":"auto","background-attachment":"scroll","background-type":"","background-media":"","overlay-type":"","overlay-color":"","overlay-opacity":"","overlay-gradient":""},"tablet":{"background-color":"var(--ast-global-color-5)","background-image":"","background-repeat":"repeat","background-position":"center center","background-size":"auto","background-attachment":"scroll","background-type":"","background-media":"","overlay-type":"","overlay-color":"","overlay-opacity":"","overlay-gradient":""},"mobile":{"background-color":"var(--ast-global-color-5)","background-image":"","background-repeat":"repeat","background-position":"center center","background-size":"auto","background-attachment":"scroll","background-type":"","background-media":"","overlay-type":"","overlay-color":"","overlay-opacity":"","overlay-gradient":""}},"footnotes":""},"class_list":["post-1655","page","type-page","status-publish","hentry"],"_links":{"self":[{"href":"https:\/\/atewa.ch\/fr\/wp-json\/wp\/v2\/pages\/1655","targetHints":{"allow":["GET"]}}],"collection":[{"href":"https:\/\/atewa.ch\/fr\/wp-json\/wp\/v2\/pages"}],"about":[{"href":"https:\/\/atewa.ch\/fr\/wp-json\/wp\/v2\/types\/page"}],"author":[{"embeddable":true,"href":"https:\/\/atewa.ch\/fr\/wp-json\/wp\/v2\/users\/1"}],"replies":[{"embeddable":true,"href":"https:\/\/atewa.ch\/fr\/wp-json\/wp\/v2\/comments?post=1655"}],"version-history":[{"count":5,"href":"https:\/\/atewa.ch\/fr\/wp-json\/wp\/v2\/pages\/1655\/revisions"}],"predecessor-version":[{"id":1998,"href":"https:\/\/atewa.ch\/fr\/wp-json\/wp\/v2\/pages\/1655\/revisions\/1998"}],"wp:attachment":[{"href":"https:\/\/atewa.ch\/fr\/wp-json\/wp\/v2\/media?parent=1655"}],"curies":[{"name":"wp","href":"https:\/\/api.w.org\/{rel}","templated":true}]}}