{"id":1539,"date":"2024-06-05T13:05:56","date_gmt":"2024-06-05T11:05:56","guid":{"rendered":"https:\/\/atewa.ch\/partner\/"},"modified":"2024-07-23T19:34:18","modified_gmt":"2024-07-23T17:34:18","slug":"partner","status":"publish","type":"page","link":"https:\/\/atewa.ch\/de\/partner\/","title":{"rendered":"Partner"},"content":{"rendered":"\t\t<div data-elementor-type=\"wp-page\" data-elementor-id=\"1539\" class=\"elementor elementor-1539 elementor-1076\" data-elementor-post-type=\"page\">\n\t\t\t\t<div class=\"elementor-element elementor-element-3a5bd59 e-con-full e-flex e-con e-parent\" data-id=\"3a5bd59\" data-element_type=\"container\" data-e-type=\"container\" data-settings=\"{&quot;background_background&quot;:&quot;classic&quot;}\">\n\t\t<div class=\"elementor-element elementor-element-9041ae7 e-flex e-con-boxed e-con e-child\" data-id=\"9041ae7\" data-element_type=\"container\" data-e-type=\"container\">\n\t\t\t\t\t<div class=\"e-con-inner\">\n\t\t\t\t\t<\/div>\n\t\t\t\t<\/div>\n\t\t<div class=\"elementor-element elementor-element-7a6e83a e-flex e-con-boxed e-con e-child\" data-id=\"7a6e83a\" data-element_type=\"container\" data-e-type=\"container\">\n\t\t\t\t\t<div class=\"e-con-inner\">\n\t\t<div class=\"elementor-element elementor-element-77f5793 e-con-full e-flex e-con e-child\" data-id=\"77f5793\" data-element_type=\"container\" data-e-type=\"container\" data-settings=\"{&quot;background_background&quot;:&quot;classic&quot;}\">\n\t\t\t\t<div class=\"elementor-element elementor-element-95b7cd3 elementor-widget-divider--view-line elementor-widget elementor-widget-divider\" data-id=\"95b7cd3\" data-element_type=\"widget\" data-e-type=\"widget\" data-widget_type=\"divider.default\">\n\t\t\t\t<div class=\"elementor-widget-container\">\n\t\t\t\t\t\t\t<div class=\"elementor-divider\">\n\t\t\t<span class=\"elementor-divider-separator\">\n\t\t\t\t\t\t<\/span>\n\t\t<\/div>\n\t\t\t\t\t\t<\/div>\n\t\t\t\t<\/div>\n\t\t\t\t<div class=\"elementor-element elementor-element-052aafc elementor-widget elementor-widget-text-editor\" data-id=\"052aafc\" data-element_type=\"widget\" data-e-type=\"widget\" data-widget_type=\"text-editor.default\">\n\t\t\t\t<div class=\"elementor-widget-container\">\n\t\t\t\t\t\t\t\t\t<h2>Vertriebsh\u00e4ndler und Partner<\/h2>\n\t\t\t\t\t\t\t\t<\/div>\n\t\t\t\t<\/div>\n\t\t\t\t<div class=\"elementor-element elementor-element-c329c8a elementor-widget elementor-widget-text-editor\" data-id=\"c329c8a\" data-element_type=\"widget\" data-e-type=\"widget\" data-widget_type=\"text-editor.default\">\n\t\t\t\t<div class=\"elementor-widget-container\">\n\t\t\t\t\t\t\t\t\t<p>Wir sind offizieller Schweizer Importeur, Vertriebsh\u00e4ndler und Partner branchenf\u00fchrender Marken<\/p>\n\t\t\t\t\t\t\t\t<\/div>\n\t\t\t\t<\/div>\n\t\t\t\t<\/div>\n\t\t\t\t\t<\/div>\n\t\t\t\t<\/div>\n\t\t\t\t<\/div>\n\t\t<div class=\"elementor-element elementor-element-767eb7d e-flex e-con-boxed e-con e-parent\" data-id=\"767eb7d\" data-element_type=\"container\" data-e-type=\"container\">\n\t\t\t\t\t<div class=\"e-con-inner\">\n\t\t<div class=\"elementor-element elementor-element-dddaed1 e-con-full e-flex e-con e-child\" data-id=\"dddaed1\" data-element_type=\"container\" data-e-type=\"container\">\n\t\t\t\t<div class=\"elementor-element elementor-element-86da750 elementor-widget-divider--view-line elementor-widget elementor-widget-divider\" data-id=\"86da750\" data-element_type=\"widget\" data-e-type=\"widget\" data-widget_type=\"divider.default\">\n\t\t\t\t<div class=\"elementor-widget-container\">\n\t\t\t\t\t\t\t<div class=\"elementor-divider\">\n\t\t\t<span class=\"elementor-divider-separator\">\n\t\t\t\t\t\t<\/span>\n\t\t<\/div>\n\t\t\t\t\t\t<\/div>\n\t\t\t\t<\/div>\n\t\t\t\t<div class=\"elementor-element elementor-element-07dbdda elementor-widget elementor-widget-text-editor\" data-id=\"07dbdda\" data-element_type=\"widget\" data-e-type=\"widget\" data-widget_type=\"text-editor.default\">\n\t\t\t\t<div class=\"elementor-widget-container\">\n\t\t\t\t\t\t\t\t\t<h2>PARTNER<\/h2>\n\t\t\t\t\t\t\t\t<\/div>\n\t\t\t\t<\/div>\n\t\t\t\t<\/div>\n\t\t<div class=\"elementor-element elementor-element-78d660f e-con-full e-flex e-con e-child\" data-id=\"78d660f\" data-element_type=\"container\" data-e-type=\"container\">\n\t\t\t\t<div class=\"elementor-element elementor-element-d6319f4 elementor-widget elementor-widget-text-editor\" data-id=\"d6319f4\" data-element_type=\"widget\" data-e-type=\"widget\" data-widget_type=\"text-editor.default\">\n\t\t\t\t<div class=\"elementor-widget-container\">\n\t\t\t\t\t\t\t\t\t<p>Dank unserer langj\u00e4hrigen Branchenerfahrung haben wir uns als offizieller Schweizer Importeur, Vertriebsh\u00e4ndler und Partner mehrerer branchenf\u00fchrender Marken etabliert. Die von uns vertretenen Produkte bieten hohe Qualit\u00e4tsstandards, wettbewerbsf\u00e4hige Preise und schnelle Lieferzeiten, dadurch garantieren wir unseren Partnern eine solide Erfolgsgrundlage.<\/p>\n\t\t\t\t\t\t\t\t<\/div>\n\t\t\t\t<\/div>\n\t\t\t\t<\/div>\n\t\t\t\t\t<\/div>\n\t\t\t\t<\/div>\n\t\t<div class=\"elementor-element elementor-element-73008a7 e-flex e-con-boxed e-con e-parent\" data-id=\"73008a7\" data-element_type=\"container\" data-e-type=\"container\">\n\t\t\t\t\t<div class=\"e-con-inner\">\n\t\t\t\t<div class=\"elementor-element elementor-element-c37738a elementor-widget-divider--view-line elementor-widget elementor-widget-divider\" data-id=\"c37738a\" data-element_type=\"widget\" data-e-type=\"widget\" data-widget_type=\"divider.default\">\n\t\t\t\t<div class=\"elementor-widget-container\">\n\t\t\t\t\t\t\t<div class=\"elementor-divider\">\n\t\t\t<span class=\"elementor-divider-separator\">\n\t\t\t\t\t\t<\/span>\n\t\t<\/div>\n\t\t\t\t\t\t<\/div>\n\t\t\t\t<\/div>\n\t\t\t\t\t<\/div>\n\t\t\t\t<\/div>\n\t\t<div class=\"elementor-element elementor-element-e1feb0f e-flex e-con-boxed e-con e-parent\" data-id=\"e1feb0f\" data-element_type=\"container\" data-e-type=\"container\">\n\t\t\t\t\t<div class=\"e-con-inner\">\n\t\t<div class=\"elementor-element elementor-element-521f16f e-con-full e-flex e-con e-child\" data-id=\"521f16f\" data-element_type=\"container\" data-e-type=\"container\">\n\t\t\t\t<div class=\"elementor-element elementor-element-c14bc9d elementor-widget elementor-widget-image\" data-id=\"c14bc9d\" data-element_type=\"widget\" data-e-type=\"widget\" data-widget_type=\"image.default\">\n\t\t\t\t<div class=\"elementor-widget-container\">\n\t\t\t\t\t\t\t\t\t\t\t\t\t\t\t\t<a href=\"https:\/\/teconsrl.net\/\" target=\"_blank\" rel=\"noopener\">\n\t\t\t\t\t\t\t<img decoding=\"async\" width=\"300\" height=\"101\" src=\"https:\/\/atewa.ch\/wp-content\/uploads\/2024\/07\/Logo_tecon.webp\" class=\"attachment-large size-large wp-image-1887\" alt=\"\" \/>\t\t\t\t\t\t\t\t<\/a>\n\t\t\t\t\t\t\t\t\t\t\t\t\t\t\t<\/div>\n\t\t\t\t<\/div>\n\t\t\t\t<\/div>\n\t\t<div class=\"elementor-element elementor-element-57284b1 e-con-full e-flex e-con e-child\" data-id=\"57284b1\" data-element_type=\"container\" data-e-type=\"container\">\n\t\t\t\t<div class=\"elementor-element elementor-element-9df57dd elementor-widget-divider--view-line elementor-widget elementor-widget-divider\" data-id=\"9df57dd\" data-element_type=\"widget\" data-e-type=\"widget\" data-widget_type=\"divider.default\">\n\t\t\t\t<div class=\"elementor-widget-container\">\n\t\t\t\t\t\t\t<div class=\"elementor-divider\">\n\t\t\t<span class=\"elementor-divider-separator\">\n\t\t\t\t\t\t<\/span>\n\t\t<\/div>\n\t\t\t\t\t\t<\/div>\n\t\t\t\t<\/div>\n\t\t\t\t<div class=\"elementor-element elementor-element-13c60a0 elementor-widget elementor-widget-text-editor\" data-id=\"13c60a0\" data-element_type=\"widget\" data-e-type=\"widget\" data-widget_type=\"text-editor.default\">\n\t\t\t\t<div class=\"elementor-widget-container\">\n\t\t\t\t\t\t\t\t\t<h4>Tecon &#8211; Gefederte Kontaktstifte<\/h4>\n\t\t\t\t\t\t\t\t<\/div>\n\t\t\t\t<\/div>\n\t\t\t\t<div class=\"elementor-element elementor-element-cf9d712 elementor-widget elementor-widget-text-editor\" data-id=\"cf9d712\" data-element_type=\"widget\" data-e-type=\"widget\" data-widget_type=\"text-editor.default\">\n\t\t\t\t<div class=\"elementor-widget-container\">\n\t\t\t\t\t\t\t\t\t<p>Wir sind Vertriebsh\u00e4ndler und Partner in der Schweiz f\u00fcr die gefederten Kontaktstifte der Marke <a href=\"https:\/\/teconsrl.net\/\" target=\"_blank\" rel=\"noopener\" data-wplink-edit=\"true\">Tecon<\/a>.<\/p>\n<p>Seit \u00fcber 30 Jahren sind wir auf Pr\u00fcfger\u00e4te spezialisiert, in denen gefederte Kontaktstifte zum Einsatz kommen. Wir haben eine langj\u00e4hrige Erfahrung mit ihrer Verwendung.<\/p>\n<p>Nachdem wir etliche Jahre lang Vertriebsh\u00e4ndler und Partner renommierter Marken der Branche gewesen sind, haben wir nun auch die Marke Tecon in unser Sortiment aufgenommen.<\/p>\n<p>Tecon garantiert hohe Qualit\u00e4t, wettbewerbsf\u00e4hige Preise und interessante Lieferzeiten. F\u00fcr Artikel, die nicht im Katalog enthalten sind, ist das Unternehmen ausserdem zur Herstellung nach Kundenvorgaben bereit.<\/p>\n<p>Die gefederten Kontaktstifte von Tecon sind mit den g\u00e4ngigsten Marken der Branche kompatibel.<\/p>\n<p>Als Vertriebsh\u00e4ndler und Partner stehen wir Ihnen jederzeit f\u00fcr eine Beratung zur Verf\u00fcgung, um all Ihre Fragen zu kl\u00e4ren. Bei Bedarf ist das Team von Tecon ausserdem bereit, uns mit geschulten Technikern zu unterst\u00fctzen.<\/p>\n<p>Neben gefederten Kontaktstiften kann Tecon viele weitere gedrehte Artikel liefern: Schrauben, Stecker, Distanzst\u00fccke usw.<\/p>\n\t\t\t\t\t\t\t\t<\/div>\n\t\t\t\t<\/div>\n\t\t\t\t<\/div>\n\t\t\t\t\t<\/div>\n\t\t\t\t<\/div>\n\t\t<div class=\"elementor-element elementor-element-24e7f45 e-flex e-con-boxed e-con e-parent\" data-id=\"24e7f45\" data-element_type=\"container\" data-e-type=\"container\">\n\t\t\t\t\t<div class=\"e-con-inner\">\n\t\t\t\t<div class=\"elementor-element elementor-element-f8a8078 elementor-widget-divider--view-line elementor-widget elementor-widget-divider\" data-id=\"f8a8078\" data-element_type=\"widget\" data-e-type=\"widget\" data-widget_type=\"divider.default\">\n\t\t\t\t<div class=\"elementor-widget-container\">\n\t\t\t\t\t\t\t<div class=\"elementor-divider\">\n\t\t\t<span class=\"elementor-divider-separator\">\n\t\t\t\t\t\t<\/span>\n\t\t<\/div>\n\t\t\t\t\t\t<\/div>\n\t\t\t\t<\/div>\n\t\t\t\t\t<\/div>\n\t\t\t\t<\/div>\n\t\t<div class=\"elementor-element elementor-element-17cba05 e-flex e-con-boxed e-con e-parent\" data-id=\"17cba05\" data-element_type=\"container\" data-e-type=\"container\">\n\t\t\t\t\t<div class=\"e-con-inner\">\n\t\t<div class=\"elementor-element elementor-element-c56bace e-con-full e-flex e-con e-child\" data-id=\"c56bace\" data-element_type=\"container\" data-e-type=\"container\">\n\t\t\t\t<div class=\"elementor-element elementor-element-807311e elementor-widget-divider--view-line elementor-widget elementor-widget-divider\" data-id=\"807311e\" data-element_type=\"widget\" data-e-type=\"widget\" data-widget_type=\"divider.default\">\n\t\t\t\t<div class=\"elementor-widget-container\">\n\t\t\t\t\t\t\t<div class=\"elementor-divider\">\n\t\t\t<span class=\"elementor-divider-separator\">\n\t\t\t\t\t\t<\/span>\n\t\t<\/div>\n\t\t\t\t\t\t<\/div>\n\t\t\t\t<\/div>\n\t\t\t\t<div class=\"elementor-element elementor-element-81b56d8 elementor-widget elementor-widget-text-editor\" data-id=\"81b56d8\" data-element_type=\"widget\" data-e-type=\"widget\" data-widget_type=\"text-editor.default\">\n\t\t\t\t<div class=\"elementor-widget-container\">\n\t\t\t\t\t\t\t\t\t<h4>H+W Test products \u2013 Adapter<\/h4>\n\t\t\t\t\t\t\t\t<\/div>\n\t\t\t\t<\/div>\n\t\t\t\t<div class=\"elementor-element elementor-element-f993fff elementor-widget elementor-widget-text-editor\" data-id=\"f993fff\" data-element_type=\"widget\" data-e-type=\"widget\" data-widget_type=\"text-editor.default\">\n\t\t\t\t<div class=\"elementor-widget-container\">\n\t\t\t\t\t\t\t\t\t<p>Seit einigen Jahren sind wir Vertriebsh\u00e4ndler und Partner der amerikanischen Marke <a href=\"https:\/\/hwtestproducts.com\/\" target=\"_blank\" rel=\"noopener\" data-wplink-edit=\"true\">H+W<\/a> in der Schweiz.<\/p>\n<p>Das Produktsortiment umfasst Vakuum-Pr\u00fcfadapter, parallel schliessende Abdeckungen, mechanische Pr\u00fcfadapter, Schnittstellenbl\u00f6cke, Target Pins, verschiedenes Zubeh\u00f6r f\u00fcr Testsysteme usw.<\/p>\n<p>Kontaktieren Sie uns, wenn Sie noch Fragen haben.<\/p>\n\t\t\t\t\t\t\t\t<\/div>\n\t\t\t\t<\/div>\n\t\t<div class=\"elementor-element elementor-element-8bc0b5e e-con-full e-flex e-con e-child\" data-id=\"8bc0b5e\" data-element_type=\"container\" data-e-type=\"container\">\n\t\t\t\t<\/div>\n\t\t\t\t<\/div>\n\t\t<div class=\"elementor-element elementor-element-00e7487 e-con-full e-flex e-con e-child\" data-id=\"00e7487\" data-element_type=\"container\" data-e-type=\"container\">\n\t\t\t\t<div class=\"elementor-element elementor-element-b4b2f34 elementor-widget elementor-widget-image\" data-id=\"b4b2f34\" data-element_type=\"widget\" data-e-type=\"widget\" data-widget_type=\"image.default\">\n\t\t\t\t<div class=\"elementor-widget-container\">\n\t\t\t\t\t\t\t\t\t\t\t\t\t\t\t<img fetchpriority=\"high\" decoding=\"async\" width=\"500\" height=\"290\" src=\"https:\/\/atewa.ch\/wp-content\/uploads\/2024\/07\/HW-partner.jpg\" class=\"attachment-large size-large wp-image-1541\" alt=\"\" srcset=\"https:\/\/atewa.ch\/wp-content\/uploads\/2024\/07\/HW-partner.jpg 500w, https:\/\/atewa.ch\/wp-content\/uploads\/2024\/07\/HW-partner-300x174.jpg 300w\" sizes=\"(max-width: 500px) 100vw, 500px\" \/>\t\t\t\t\t\t\t\t\t\t\t\t\t\t\t<\/div>\n\t\t\t\t<\/div>\n\t\t\t\t<\/div>\n\t\t\t\t\t<\/div>\n\t\t\t\t<\/div>\n\t\t<div class=\"elementor-element elementor-element-ba972e2 e-flex e-con-boxed e-con e-parent\" data-id=\"ba972e2\" data-element_type=\"container\" data-e-type=\"container\">\n\t\t\t\t\t<div class=\"e-con-inner\">\n\t\t\t\t<div class=\"elementor-element elementor-element-cf482f7 elementor-widget-divider--view-line elementor-widget elementor-widget-divider\" data-id=\"cf482f7\" data-element_type=\"widget\" data-e-type=\"widget\" data-widget_type=\"divider.default\">\n\t\t\t\t<div class=\"elementor-widget-container\">\n\t\t\t\t\t\t\t<div class=\"elementor-divider\">\n\t\t\t<span class=\"elementor-divider-separator\">\n\t\t\t\t\t\t<\/span>\n\t\t<\/div>\n\t\t\t\t\t\t<\/div>\n\t\t\t\t<\/div>\n\t\t\t\t\t<\/div>\n\t\t\t\t<\/div>\n\t\t<div class=\"elementor-element elementor-element-1c16b76 e-flex e-con-boxed e-con e-parent\" data-id=\"1c16b76\" data-element_type=\"container\" data-e-type=\"container\">\n\t\t\t\t\t<div class=\"e-con-inner\">\n\t\t<div class=\"elementor-element elementor-element-1133851 e-con-full e-flex e-con e-child\" data-id=\"1133851\" data-element_type=\"container\" data-e-type=\"container\">\n\t\t\t\t<div class=\"elementor-element elementor-element-0ffe220 elementor-widget elementor-widget-image\" data-id=\"0ffe220\" data-element_type=\"widget\" data-e-type=\"widget\" data-widget_type=\"image.default\">\n\t\t\t\t<div class=\"elementor-widget-container\">\n\t\t\t\t\t\t\t\t\t\t\t\t\t\t\t\t<a href=\"https:\/\/www.ipses.com\/\" target=\"_blank\" rel=\"noopener\">\n\t\t\t\t\t\t\t<img decoding=\"async\" width=\"229\" height=\"79\" src=\"https:\/\/atewa.ch\/wp-content\/uploads\/2024\/07\/IPSES220x79.png\" class=\"attachment-large size-large wp-image-1892\" alt=\"\" \/>\t\t\t\t\t\t\t\t<\/a>\n\t\t\t\t\t\t\t\t\t\t\t\t\t\t\t<\/div>\n\t\t\t\t<\/div>\n\t\t\t\t<\/div>\n\t\t<div class=\"elementor-element elementor-element-3241585 e-con-full e-flex e-con e-child\" data-id=\"3241585\" data-element_type=\"container\" data-e-type=\"container\">\n\t\t\t\t<div class=\"elementor-element elementor-element-6cdf4aa elementor-widget-divider--view-line elementor-widget elementor-widget-divider\" data-id=\"6cdf4aa\" data-element_type=\"widget\" data-e-type=\"widget\" data-widget_type=\"divider.default\">\n\t\t\t\t<div class=\"elementor-widget-container\">\n\t\t\t\t\t\t\t<div class=\"elementor-divider\">\n\t\t\t<span class=\"elementor-divider-separator\">\n\t\t\t\t\t\t<\/span>\n\t\t<\/div>\n\t\t\t\t\t\t<\/div>\n\t\t\t\t<\/div>\n\t\t\t\t<div class=\"elementor-element elementor-element-df7a610 elementor-widget elementor-widget-text-editor\" data-id=\"df7a610\" data-element_type=\"widget\" data-e-type=\"widget\" data-widget_type=\"text-editor.default\">\n\t\t\t\t<div class=\"elementor-widget-container\">\n\t\t\t\t\t\t\t\t\t<h4>IPSES Srl<\/h4>\n\t\t\t\t\t\t\t\t<\/div>\n\t\t\t\t<\/div>\n\t\t\t\t<div class=\"elementor-element elementor-element-4cff5df elementor-widget elementor-widget-text-editor\" data-id=\"4cff5df\" data-element_type=\"widget\" data-e-type=\"widget\" data-widget_type=\"text-editor.default\">\n\t\t\t\t<div class=\"elementor-widget-container\">\n\t\t\t\t\t\t\t\t\t<p>Durch die Partnerschaft mit<a href=\"https:\/\/www.ipses.com\/\" target=\"_blank\" rel=\"noopener\" data-wplink-edit=\"true\"> IPSES<\/a> sind wir in der Lage, ma\u00dfgeschneiderte schl\u00fcsselfertige L\u00f6sungen f\u00fcr Funktionstests anzubieten.<\/p>\n<p>IPSES bietet exzellente L\u00f6sungen in den Bereichen industrielle Fertigung, Luft- und Raumfahrt Verteidigung, Automobil Transport sowie Energie und konzentriert sich dabei auf das Testen <strong>und die Entwicklung ma\u00dfgeschneiderter elektronischer L\u00f6sungen<\/strong>. Ihre Anwendungen umfassen haupts\u00e4chlich Funktionstests, Bildverarbeitung, RF- und Boundary-Scan-Tests mit modularen Hardware- und Softwareplattformen, die Entwicklung von <em>Embedded-Hardware und -Software<\/em>, die Systemintegration und Anwendungen in den Bereichen RF sowie Zeit- und Frequenzgenerierung. Hohe Standards im Projektmanagement, auch bei komplexen und mehrstufigen Projekten, werden nicht nur durch ihre hohe technische Kompetenz, sondern auch in Bezug auf Qualit\u00e4t und R\u00fcckverfolgbarkeit der Prozesse gew\u00e4hrleistet.  <\/p>\n\t\t\t\t\t\t\t\t<\/div>\n\t\t\t\t<\/div>\n\t\t\t\t<\/div>\n\t\t\t\t\t<\/div>\n\t\t\t\t<\/div>\n\t\t<div class=\"elementor-element elementor-element-54a1d5b e-flex e-con-boxed e-con e-parent\" data-id=\"54a1d5b\" data-element_type=\"container\" data-e-type=\"container\">\n\t\t\t\t\t<div class=\"e-con-inner\">\n\t\t\t\t<div class=\"elementor-element elementor-element-2577cc6 elementor-widget-divider--view-line elementor-widget elementor-widget-divider\" data-id=\"2577cc6\" data-element_type=\"widget\" data-e-type=\"widget\" data-widget_type=\"divider.default\">\n\t\t\t\t<div class=\"elementor-widget-container\">\n\t\t\t\t\t\t\t<div class=\"elementor-divider\">\n\t\t\t<span class=\"elementor-divider-separator\">\n\t\t\t\t\t\t<\/span>\n\t\t<\/div>\n\t\t\t\t\t\t<\/div>\n\t\t\t\t<\/div>\n\t\t\t\t\t<\/div>\n\t\t\t\t<\/div>\n\t\t<div class=\"elementor-element elementor-element-a9448cc e-flex e-con-boxed e-con e-parent\" data-id=\"a9448cc\" data-element_type=\"container\" data-e-type=\"container\">\n\t\t\t\t\t<div class=\"e-con-inner\">\n\t\t<div class=\"elementor-element elementor-element-e5f5385 e-con-full e-flex e-con e-child\" data-id=\"e5f5385\" data-element_type=\"container\" data-e-type=\"container\">\n\t\t\t\t<div class=\"elementor-element elementor-element-b8a083e elementor-widget-divider--view-line elementor-widget elementor-widget-divider\" data-id=\"b8a083e\" data-element_type=\"widget\" data-e-type=\"widget\" data-widget_type=\"divider.default\">\n\t\t\t\t<div class=\"elementor-widget-container\">\n\t\t\t\t\t\t\t<div class=\"elementor-divider\">\n\t\t\t<span class=\"elementor-divider-separator\">\n\t\t\t\t\t\t<\/span>\n\t\t<\/div>\n\t\t\t\t\t\t<\/div>\n\t\t\t\t<\/div>\n\t\t\t\t<div class=\"elementor-element elementor-element-8960bda elementor-widget elementor-widget-text-editor\" data-id=\"8960bda\" data-element_type=\"widget\" data-e-type=\"widget\" data-widget_type=\"text-editor.default\">\n\t\t\t\t<div class=\"elementor-widget-container\">\n\t\t\t\t\t\t\t\t\t<h4>Atecare<\/h4>\n\t\t\t\t\t\t\t\t<\/div>\n\t\t\t\t<\/div>\n\t\t\t\t<div class=\"elementor-element elementor-element-2962283 elementor-widget elementor-widget-text-editor\" data-id=\"2962283\" data-element_type=\"widget\" data-e-type=\"widget\" data-widget_type=\"text-editor.default\">\n\t\t\t\t<div class=\"elementor-widget-container\">\n\t\t\t\t\t\t\t\t\t<p>In Zusammenarbeit mit unserem Partner <a href=\"https:\/\/atecare.de\/\" target=\"_blank\" rel=\"noopener\">Atecare<\/a> bieten wir ma\u00dfgeschneiderte, schl\u00fcsselfertige ICT-Testl\u00f6sungen an.<\/p>\n<p>Die In-Circuit-Pr\u00fcfung hat sich in den letzten Jahren stark gewandelt, ist aber vor allem im Hochvolumensektor immer noch eine der wichtigsten Pr\u00fcfmethoden.<\/p>\n<p>Neben den ICT-L\u00f6sungen bietet Atecare auch viele andere Arten von hochwertigen Tests an.<\/p>\n\t\t\t\t\t\t\t\t<\/div>\n\t\t\t\t<\/div>\n\t\t<div class=\"elementor-element elementor-element-bc3bc23 e-con-full e-flex e-con e-child\" data-id=\"bc3bc23\" data-element_type=\"container\" data-e-type=\"container\">\n\t\t\t\t<\/div>\n\t\t\t\t<\/div>\n\t\t<div class=\"elementor-element elementor-element-222eb36 e-con-full e-flex e-con e-child\" data-id=\"222eb36\" data-element_type=\"container\" data-e-type=\"container\">\n\t\t\t\t<div class=\"elementor-element elementor-element-349a295 elementor-widget elementor-widget-image\" data-id=\"349a295\" data-element_type=\"widget\" data-e-type=\"widget\" data-widget_type=\"image.default\">\n\t\t\t\t<div class=\"elementor-widget-container\">\n\t\t\t\t\t\t\t\t\t\t\t\t\t\t\t\t<a href=\"https:\/\/atecare.de\/\" target=\"_blank\" rel=\"noopener\">\n\t\t\t\t\t\t\t<img loading=\"lazy\" decoding=\"async\" width=\"607\" height=\"387\" src=\"https:\/\/atewa.ch\/wp-content\/uploads\/2024\/07\/logo_atecare.png\" class=\"attachment-large size-large wp-image-1899\" alt=\"\" srcset=\"https:\/\/atewa.ch\/wp-content\/uploads\/2024\/07\/logo_atecare.png 607w, https:\/\/atewa.ch\/wp-content\/uploads\/2024\/07\/logo_atecare-300x191.png 300w\" sizes=\"(max-width: 607px) 100vw, 607px\" \/>\t\t\t\t\t\t\t\t<\/a>\n\t\t\t\t\t\t\t\t\t\t\t\t\t\t\t<\/div>\n\t\t\t\t<\/div>\n\t\t\t\t<\/div>\n\t\t\t\t\t<\/div>\n\t\t\t\t<\/div>\n\t\t<div class=\"elementor-element elementor-element-d1ab04d e-flex e-con-boxed e-con e-parent\" data-id=\"d1ab04d\" data-element_type=\"container\" data-e-type=\"container\">\n\t\t\t\t\t<div class=\"e-con-inner\">\n\t\t\t\t<div class=\"elementor-element elementor-element-5a15b1f elementor-widget elementor-widget-spacer\" data-id=\"5a15b1f\" data-element_type=\"widget\" data-e-type=\"widget\" data-widget_type=\"spacer.default\">\n\t\t\t\t<div class=\"elementor-widget-container\">\n\t\t\t\t\t\t\t<div class=\"elementor-spacer\">\n\t\t\t<div class=\"elementor-spacer-inner\"><\/div>\n\t\t<\/div>\n\t\t\t\t\t\t<\/div>\n\t\t\t\t<\/div>\n\t\t\t\t\t<\/div>\n\t\t\t\t<\/div>\n\t\t\t\t<\/div>\n\t\t","protected":false},"excerpt":{"rendered":"<p>Vertriebsh\u00e4ndler und Partner Wir sind offizieller Schweizer Importeur, Vertriebsh\u00e4ndler und Partner branchenf\u00fchrender Marken PARTNER Dank unserer langj\u00e4hrigen Branchenerfahrung haben wir [&hellip;]<\/p>\n","protected":false},"author":1,"featured_media":0,"parent":0,"menu_order":0,"comment_status":"closed","ping_status":"closed","template":"","meta":{"site-sidebar-layout":"no-sidebar","site-content-layout":"","ast-site-content-layout":"full-width-container","site-content-style":"default","site-sidebar-style":"default","ast-global-header-display":"","ast-banner-title-visibility":"","ast-main-header-display":"","ast-hfb-above-header-display":"","ast-hfb-below-header-display":"","ast-hfb-mobile-header-display":"","site-post-title":"disabled","ast-breadcrumbs-content":"","ast-featured-img":"disabled","footer-sml-layout":"","ast-disable-related-posts":"","theme-transparent-header-meta":"","adv-header-id-meta":"","stick-header-meta":"","header-above-stick-meta":"","header-main-stick-meta":"","header-below-stick-meta":"","astra-migrate-meta-layouts":"default","ast-page-background-enabled":"default","ast-page-background-meta":{"desktop":{"background-color":"var(--ast-global-color-4)","background-image":"","background-repeat":"repeat","background-position":"center center","background-size":"auto","background-attachment":"scroll","background-type":"","background-media":"","overlay-type":"","overlay-color":"","overlay-opacity":"","overlay-gradient":""},"tablet":{"background-color":"","background-image":"","background-repeat":"repeat","background-position":"center center","background-size":"auto","background-attachment":"scroll","background-type":"","background-media":"","overlay-type":"","overlay-color":"","overlay-opacity":"","overlay-gradient":""},"mobile":{"background-color":"","background-image":"","background-repeat":"repeat","background-position":"center center","background-size":"auto","background-attachment":"scroll","background-type":"","background-media":"","overlay-type":"","overlay-color":"","overlay-opacity":"","overlay-gradient":""}},"ast-content-background-meta":{"desktop":{"background-color":"var(--ast-global-color-5)","background-image":"","background-repeat":"repeat","background-position":"center center","background-size":"auto","background-attachment":"scroll","background-type":"","background-media":"","overlay-type":"","overlay-color":"","overlay-opacity":"","overlay-gradient":""},"tablet":{"background-color":"var(--ast-global-color-5)","background-image":"","background-repeat":"repeat","background-position":"center center","background-size":"auto","background-attachment":"scroll","background-type":"","background-media":"","overlay-type":"","overlay-color":"","overlay-opacity":"","overlay-gradient":""},"mobile":{"background-color":"var(--ast-global-color-5)","background-image":"","background-repeat":"repeat","background-position":"center center","background-size":"auto","background-attachment":"scroll","background-type":"","background-media":"","overlay-type":"","overlay-color":"","overlay-opacity":"","overlay-gradient":""}},"footnotes":""},"class_list":["post-1539","page","type-page","status-publish","hentry"],"_links":{"self":[{"href":"https:\/\/atewa.ch\/de\/wp-json\/wp\/v2\/pages\/1539","targetHints":{"allow":["GET"]}}],"collection":[{"href":"https:\/\/atewa.ch\/de\/wp-json\/wp\/v2\/pages"}],"about":[{"href":"https:\/\/atewa.ch\/de\/wp-json\/wp\/v2\/types\/page"}],"author":[{"embeddable":true,"href":"https:\/\/atewa.ch\/de\/wp-json\/wp\/v2\/users\/1"}],"replies":[{"embeddable":true,"href":"https:\/\/atewa.ch\/de\/wp-json\/wp\/v2\/comments?post=1539"}],"version-history":[{"count":5,"href":"https:\/\/atewa.ch\/de\/wp-json\/wp\/v2\/pages\/1539\/revisions"}],"predecessor-version":[{"id":1997,"href":"https:\/\/atewa.ch\/de\/wp-json\/wp\/v2\/pages\/1539\/revisions\/1997"}],"wp:attachment":[{"href":"https:\/\/atewa.ch\/de\/wp-json\/wp\/v2\/media?parent=1539"}],"curies":[{"name":"wp","href":"https:\/\/api.w.org\/{rel}","templated":true}]}}